{"id":769,"date":"2022-12-14T11:35:55","date_gmt":"2022-12-14T10:35:55","guid":{"rendered":"https:\/\/laandaluzaboltana.com\/politique-de-confidentialite\/"},"modified":"2024-10-23T11:06:28","modified_gmt":"2024-10-23T09:06:28","slug":"politique-de-confidentialite","status":"publish","type":"page","link":"https:\/\/laandaluzaboltana.com\/fr\/politique-de-confidentialite\/","title":{"rendered":"Politique de confidentialit\u00e9"},"content":{"rendered":"\t\t<div data-elementor-type=\"wp-page\" data-elementor-id=\"769\" class=\"elementor elementor-769 elementor-29\">\n\t\t\t\t\t\t<section class=\"elementor-section elementor-top-section elementor-element elementor-element-a697ee2 elementor-section-height-min-height elementor-section-boxed elementor-section-height-default elementor-section-items-middle\" data-id=\"a697ee2\" data-element_type=\"section\" data-settings=\"{&quot;background_background&quot;:&quot;classic&quot;}\">\n\t\t\t\t\t\t<div class=\"elementor-container elementor-column-gap-default\">\n\t\t\t\t\t<div class=\"elementor-column elementor-col-100 elementor-top-column elementor-element elementor-element-7dae851\" data-id=\"7dae851\" data-element_type=\"column\">\n\t\t\t<div class=\"elementor-widget-wrap elementor-element-populated\">\n\t\t\t\t\t\t<div class=\"elementor-element elementor-element-eeb4c66 elementor-widget elementor-widget-breadcrumbs\" data-id=\"eeb4c66\" data-element_type=\"widget\" data-widget_type=\"breadcrumbs.default\">\n\t\t\t\t<div class=\"elementor-widget-container\">\n\t\t\t\t\t \t\t\t\t<\/div>\n\t\t\t\t<\/div>\n\t\t\t\t\t<\/div>\n\t\t<\/div>\n\t\t\t\t\t<\/div>\n\t\t<\/section>\n\t\t\t\t<section class=\"elementor-section elementor-top-section elementor-element elementor-element-f287366 elementor-section-content-middle elementor-section-boxed elementor-section-height-default elementor-section-height-default\" data-id=\"f287366\" data-element_type=\"section\" data-settings=\"{&quot;background_background&quot;:&quot;classic&quot;}\">\n\t\t\t\t\t\t<div class=\"elementor-container elementor-column-gap-default\">\n\t\t\t\t\t<div class=\"elementor-column elementor-col-100 elementor-top-column elementor-element elementor-element-3d4e33d\" data-id=\"3d4e33d\" data-element_type=\"column\">\n\t\t\t<div class=\"elementor-widget-wrap elementor-element-populated\">\n\t\t\t\t\t\t<div class=\"elementor-element elementor-element-5a81e97 elementor-widget elementor-widget-text-editor\" data-id=\"5a81e97\" data-element_type=\"widget\" data-widget_type=\"text-editor.default\">\n\t\t\t\t<div class=\"elementor-widget-container\">\n\t\t\t\t\t\t\t\t\t<h3>1. INFORMATION \u00c0 L&rsquo;UTILISATEUR<\/h3>\n<p>La Andaluza Bolta\u00f1a, ci-apr\u00e8s RESPONSABLE, est responsable du traitement des donn\u00e9es personnelles de l&rsquo;Utilisateur et vous informe que ces donn\u00e9es seront trait\u00e9es conform\u00e9ment aux dispositions de la r\u00e9glementation en vigueur sur la protection des donn\u00e9es personnelles, le R\u00e8glement (UE) 2016\/679 du. 27 avril 2016 (RGPD) concernant la protection des personnes physiques \u00e0 l&rsquo;\u00e9gard du traitement des donn\u00e9es personnelles et de la libre circulation de ces donn\u00e9es, et la loi organique 3\/2018 du 5 d\u00e9cembre (LOPDGDD), par laquelle vous offre le traitement suivant information:<\/p>\n<p><strong>Fin du traitement <\/strong>: entretenir une relation commerciale avec l&rsquo;Utilisateur. Les op\u00e9rations pr\u00e9vues pour r\u00e9aliser le traitement sont : <\/p>\n<ul>\n<li>Envoi de communications publicitaires commerciales, \u00e0 condition d&rsquo;avoir \u00e9t\u00e9 pr\u00e9alablement autoris\u00e9, par courrier \u00e9lectronique, fax, SMS, MMS, communaut\u00e9s sociales ou tout autre moyen \u00e9lectronique ou physique, pr\u00e9sent ou futur, permettant d&rsquo;effectuer des communications commerciales. Ces communications seront effectu\u00e9es par le CONTR\u00d4LEUR et li\u00e9es \u00e0 ses produits et services, ou \u00e0 ses collaborateurs ou fournisseurs avec lesquels il a conclu un accord promotionnel. Dans ce cas, les tiers n\u2019auront jamais acc\u00e8s aux donn\u00e9es personnelles.  <\/li>\n<li>R\u00e9aliser des \u00e9tudes statistiques.<\/li>\n<li>Traiter les commandes, les demandes ou tout type de demande formul\u00e9e par l&rsquo;utilisateur via l&rsquo;un des formulaires de contact mis \u00e0 disposition.<\/li>\n<li>Envoyez la newsletter du site.<\/li>\n<\/ul>\n<p><strong>Base juridique du traitement :<\/strong> consentement de l&rsquo;int\u00e9ress\u00e9.<\/p>\n<p><strong>Crit\u00e8res de conservation des donn\u00e9es :<\/strong> elles seront conserv\u00e9es aussi longtemps qu&rsquo;il existe un int\u00e9r\u00eat mutuel \u00e0 maintenir la finalit\u00e9 du traitement et lorsqu&rsquo;elles ne seront plus n\u00e9cessaires \u00e0 cette finalit\u00e9, elles seront supprim\u00e9es avec des mesures de s\u00e9curit\u00e9 appropri\u00e9es pour garantir la pseudonymisation des donn\u00e9es ou la destruction totale des donn\u00e9es elles-m\u00eames.<\/p>\n<p><strong>Communication des donn\u00e9es :<\/strong> Les donn\u00e9es ne seront pas communiqu\u00e9es \u00e0 des tiers, sauf obligation l\u00e9gale.<\/p>\n<p><strong>Droits qui assistent l&rsquo;Utilisateur :<\/strong><\/p>\n<ul>\n<li>Droit de retirer son consentement \u00e0 tout moment. <\/li>\n<li>Droit d&rsquo;acc\u00e8s, de rectification, de portabilit\u00e9 et de suppression de vos donn\u00e9es et de limitation ou d&rsquo;opposition \u00e0 leur traitement.<\/li>\n<li>Droit de d\u00e9poser une r\u00e9clamation aupr\u00e8s de l&rsquo;autorit\u00e9 de contr\u00f4le (agpd.es) si vous estimez que le traitement n&rsquo;est pas conforme \u00e0 la r\u00e9glementation en vigueur.<\/li>\n<\/ul>\n<p><strong>Coordonn\u00e9es pour exercer vos droits :<\/strong><\/p>\n<p>La Andaluza Bolta\u00f1a<br \/>Direcci\u00f3n postal: Av. de Ordesa 63. 22340 Bolta\u00f1a, Huesca<br \/>Correo electr\u00f3nico: <a href=\"mailto:info@laandaluzabolta%C3%B1a.com\"><span class=\"elementor-icon-list-text\">info@laandaluzabolta\u00f1a.com<\/span><\/a> <\/p>\n<h3>2. CARACT\u00c8RE OBLIGATOIRE OU OPTIONNEL DES INFORMATIONS FOURNIES PAR L&rsquo;UTILISATEUR<\/h3>\n<p>Les utilisateurs, en cochant les cases correspondantes et en saisissant les donn\u00e9es dans les champs marqu\u00e9s d&rsquo;un ast\u00e9risque <strong>(*)<\/strong> dans le formulaire de contact ou pr\u00e9sent\u00e9s dans les formulaires de t\u00e9l\u00e9chargement, acceptent express\u00e9ment, librement et sans \u00e9quivoque que leurs donn\u00e9es soient n\u00e9cessaires pour r\u00e9pondre \u00e0 votre demande, par le fournisseur, l\u2019inclusion des donn\u00e9es dans les champs restants \u00e9tant volontaire. L&rsquo;Utilisateur garantit que les donn\u00e9es personnelles fournies au RESPONSABLE sont v\u00e9ridiques et est responsable de communiquer toute modification de celles-ci. <\/p>\n<p>Le RESPONSABLE informe et garantit express\u00e9ment aux utilisateurs que leurs donn\u00e9es personnelles ne seront en aucun cas c\u00e9d\u00e9es \u00e0 des tiers, et que chaque fois que tout type de transfert de donn\u00e9es personnelles sera effectu\u00e9, un consentement expr\u00e8s, \u00e9clair\u00e9 et sans \u00e9quivoque sera pr\u00e9alablement demand\u00e9 aux utilisateurs. s les donn\u00e9es demand\u00e9es via le site Web sont obligatoires, car elles sont n\u00e9cessaires \u00e0 la fourniture d&rsquo;un service optimal \u00e0 l&rsquo;Utilisateur. Si les donn\u00e9es ne sont pas fournies, il n&rsquo;est pas garanti que les informations et les services fournis soient enti\u00e8rement adapt\u00e9s \u00e0 vos besoins.  <\/p>\n<h3>3. MESURES DE S\u00c9CURIT\u00c9<\/h3>\n<p>Que conform\u00e9ment aux dispositions de la r\u00e9glementation en vigueur sur la protection des donn\u00e9es personnelles, le RESPONSABLE respecte toutes les dispositions de la r\u00e9glementation RGPD pour les traitements de donn\u00e9es personnelles sous sa responsabilit\u00e9, et manifestement aux principes d\u00e9crits \u00e0 l&rsquo;article 5 du RGPD. , par lequel ils sont trait\u00e9s de mani\u00e8re licite, \u00e9quitable et transparente par rapport \u00e0 l&rsquo;int\u00e9ress\u00e9 et ad\u00e9quate, pertinente et limit\u00e9e \u00e0 ce qui est n\u00e9cessaire au regard des finalit\u00e9s pour lesquelles ils sont trait\u00e9s.<\/p>\n<p>Le RESPONSABLE garantit avoir mis en \u0153uvre des politiques techniques et organisationnelles appropri\u00e9es pour appliquer les mesures de s\u00e9curit\u00e9 \u00e9tablies par le RGPD afin de prot\u00e9ger les droits et libert\u00e9s des Utilisateurs et leur avoir communiqu\u00e9 les informations appropri\u00e9es afin qu&rsquo;ils puissent les exercer.<\/p>\n\t\t\t\t\t\t\t\t<\/div>\n\t\t\t\t<\/div>\n\t\t\t\t\t<\/div>\n\t\t<\/div>\n\t\t\t\t\t<\/div>\n\t\t<\/section>\n\t\t\t\t<\/div>\n\t\t","protected":false},"excerpt":{"rendered":"<p>1. INFORMATION \u00c0 L&rsquo;UTILISATEUR La Andaluza Bolta\u00f1a, ci-apr\u00e8s RESPONSABLE, est responsable du traitement des donn\u00e9es personnelles de l&rsquo;Utilisateur et vous informe que ces donn\u00e9es seront trait\u00e9es conform\u00e9ment aux dispositions de la r\u00e9glementation en vigueur sur la protection des donn\u00e9es personnelles, le R\u00e8glement (UE) 2016\/679 du. 27 avril 2016 (RGPD) concernant la protection des personnes physiques [&hellip;]<\/p>\n","protected":false},"author":1,"featured_media":0,"parent":0,"menu_order":0,"comment_status":"closed","ping_status":"closed","template":"","meta":{"site-sidebar-layout":"default","site-content-layout":"page-builder","ast-site-content-layout":"default","site-content-style":"default","site-sidebar-style":"default","ast-global-header-display":"","ast-banner-title-visibility":"","ast-main-header-display":"","ast-hfb-above-header-display":"","ast-hfb-below-header-display":"","ast-hfb-mobile-header-display":"","site-post-title":"","ast-breadcrumbs-content":"","ast-featured-img":"","footer-sml-layout":"","theme-transparent-header-meta":"default","adv-header-id-meta":"","stick-header-meta":"","header-above-stick-meta":"","header-main-stick-meta":"","header-below-stick-meta":"","astra-migrate-meta-layouts":"default","ast-page-background-enabled":"default","ast-page-background-meta":{"desktop":{"background-color":"var(--ast-global-color-4)","background-image":"","background-repeat":"repeat","background-position":"center center","background-size":"auto","background-attachment":"scroll","background-type":"","background-media":"","overlay-type":"","overlay-color":"","overlay-opacity":"","overlay-gradient":""},"tablet":{"background-color":"","background-image":"","background-repeat":"repeat","background-position":"center center","background-size":"auto","background-attachment":"scroll","background-type":"","background-media":"","overlay-type":"","overlay-color":"","overlay-opacity":"","overlay-gradient":""},"mobile":{"background-color":"","background-image":"","background-repeat":"repeat","background-position":"center center","background-size":"auto","background-attachment":"scroll","background-type":"","background-media":"","overlay-type":"","overlay-color":"","overlay-opacity":"","overlay-gradient":""}},"ast-content-background-meta":{"desktop":{"background-color":"var(--ast-global-color-5)","background-image":"","background-repeat":"repeat","background-position":"center center","background-size":"auto","background-attachment":"scroll","background-type":"","background-media":"","overlay-type":"","overlay-color":"","overlay-opacity":"","overlay-gradient":""},"tablet":{"background-color":"var(--ast-global-color-5)","background-image":"","background-repeat":"repeat","background-position":"center center","background-size":"auto","background-attachment":"scroll","background-type":"","background-media":"","overlay-type":"","overlay-color":"","overlay-opacity":"","overlay-gradient":""},"mobile":{"background-color":"var(--ast-global-color-5)","background-image":"","background-repeat":"repeat","background-position":"center center","background-size":"auto","background-attachment":"scroll","background-type":"","background-media":"","overlay-type":"","overlay-color":"","overlay-opacity":"","overlay-gradient":""}},"footnotes":""},"class_list":["post-769","page","type-page","status-publish","hentry"],"yoast_head":"<!-- This site is optimized with the Yoast SEO plugin v23.5 - https:\/\/yoast.com\/wordpress\/plugins\/seo\/ -->\n<title>Politique de confidentialit\u00e9 - La Andaluza<\/title>\n<meta name=\"robots\" content=\"noindex, follow\" \/>\n<meta property=\"og:locale\" content=\"fr_FR\" \/>\n<meta property=\"og:type\" content=\"article\" \/>\n<meta property=\"og:title\" content=\"Politique de confidentialit\u00e9 - La Andaluza\" \/>\n<meta property=\"og:description\" content=\"1. INFORMATION \u00c0 L&rsquo;UTILISATEUR La Andaluza Bolta\u00f1a, ci-apr\u00e8s RESPONSABLE, est responsable du traitement des donn\u00e9es personnelles de l&rsquo;Utilisateur et vous informe que ces donn\u00e9es seront trait\u00e9es conform\u00e9ment aux dispositions de la r\u00e9glementation en vigueur sur la protection des donn\u00e9es personnelles, le R\u00e8glement (UE) 2016\/679 du. 27 avril 2016 (RGPD) concernant la protection des personnes physiques [&hellip;]\" \/>\n<meta property=\"og:url\" content=\"https:\/\/laandaluzaboltana.com\/fr\/politique-de-confidentialite\/\" \/>\n<meta property=\"og:site_name\" content=\"La Andaluza\" \/>\n<meta property=\"article:modified_time\" content=\"2024-10-23T09:06:28+00:00\" \/>\n<meta name=\"twitter:card\" content=\"summary_large_image\" \/>\n<meta name=\"twitter:label1\" content=\"Dur\u00e9e de lecture estim\u00e9e\" \/>\n\t<meta name=\"twitter:data1\" content=\"4 minutes\" \/>\n<script type=\"application\/ld+json\" class=\"yoast-schema-graph\">{\"@context\":\"https:\/\/schema.org\",\"@graph\":[{\"@type\":\"WebPage\",\"@id\":\"https:\/\/laandaluzaboltana.com\/fr\/politique-de-confidentialite\/\",\"url\":\"https:\/\/laandaluzaboltana.com\/fr\/politique-de-confidentialite\/\",\"name\":\"Politique de confidentialit\u00e9 - La Andaluza\",\"isPartOf\":{\"@id\":\"https:\/\/laandaluzaboltana.com\/fr\/#website\"},\"datePublished\":\"2022-12-14T10:35:55+00:00\",\"dateModified\":\"2024-10-23T09:06:28+00:00\",\"breadcrumb\":{\"@id\":\"https:\/\/laandaluzaboltana.com\/fr\/politique-de-confidentialite\/#breadcrumb\"},\"inLanguage\":\"fr-FR\",\"potentialAction\":[{\"@type\":\"ReadAction\",\"target\":[\"https:\/\/laandaluzaboltana.com\/fr\/politique-de-confidentialite\/\"]}]},{\"@type\":\"BreadcrumbList\",\"@id\":\"https:\/\/laandaluzaboltana.com\/fr\/politique-de-confidentialite\/#breadcrumb\",\"itemListElement\":[{\"@type\":\"ListItem\",\"position\":1,\"name\":\"Inicio\",\"item\":\"https:\/\/laandaluzaboltana.com\/fr\/\"},{\"@type\":\"ListItem\",\"position\":2,\"name\":\"Politique de confidentialit\u00e9\"}]},{\"@type\":\"WebSite\",\"@id\":\"https:\/\/laandaluzaboltana.com\/fr\/#website\",\"url\":\"https:\/\/laandaluzaboltana.com\/fr\/\",\"name\":\"La Andaluza\",\"description\":\"Restaurantes de Bolta&ntilde;a\",\"potentialAction\":[{\"@type\":\"SearchAction\",\"target\":{\"@type\":\"EntryPoint\",\"urlTemplate\":\"https:\/\/laandaluzaboltana.com\/fr\/?s={search_term_string}\"},\"query-input\":{\"@type\":\"PropertyValueSpecification\",\"valueRequired\":true,\"valueName\":\"search_term_string\"}}],\"inLanguage\":\"fr-FR\"}]}<\/script>\n<!-- \/ Yoast SEO plugin. -->","yoast_head_json":{"title":"Politique de confidentialit\u00e9 - La Andaluza","robots":{"index":"noindex","follow":"follow"},"og_locale":"fr_FR","og_type":"article","og_title":"Politique de confidentialit\u00e9 - La Andaluza","og_description":"1. INFORMATION \u00c0 L&rsquo;UTILISATEUR La Andaluza Bolta\u00f1a, ci-apr\u00e8s RESPONSABLE, est responsable du traitement des donn\u00e9es personnelles de l&rsquo;Utilisateur et vous informe que ces donn\u00e9es seront trait\u00e9es conform\u00e9ment aux dispositions de la r\u00e9glementation en vigueur sur la protection des donn\u00e9es personnelles, le R\u00e8glement (UE) 2016\/679 du. 27 avril 2016 (RGPD) concernant la protection des personnes physiques [&hellip;]","og_url":"https:\/\/laandaluzaboltana.com\/fr\/politique-de-confidentialite\/","og_site_name":"La Andaluza","article_modified_time":"2024-10-23T09:06:28+00:00","twitter_card":"summary_large_image","twitter_misc":{"Dur\u00e9e de lecture estim\u00e9e":"4 minutes"},"schema":{"@context":"https:\/\/schema.org","@graph":[{"@type":"WebPage","@id":"https:\/\/laandaluzaboltana.com\/fr\/politique-de-confidentialite\/","url":"https:\/\/laandaluzaboltana.com\/fr\/politique-de-confidentialite\/","name":"Politique de confidentialit\u00e9 - La Andaluza","isPartOf":{"@id":"https:\/\/laandaluzaboltana.com\/fr\/#website"},"datePublished":"2022-12-14T10:35:55+00:00","dateModified":"2024-10-23T09:06:28+00:00","breadcrumb":{"@id":"https:\/\/laandaluzaboltana.com\/fr\/politique-de-confidentialite\/#breadcrumb"},"inLanguage":"fr-FR","potentialAction":[{"@type":"ReadAction","target":["https:\/\/laandaluzaboltana.com\/fr\/politique-de-confidentialite\/"]}]},{"@type":"BreadcrumbList","@id":"https:\/\/laandaluzaboltana.com\/fr\/politique-de-confidentialite\/#breadcrumb","itemListElement":[{"@type":"ListItem","position":1,"name":"Inicio","item":"https:\/\/laandaluzaboltana.com\/fr\/"},{"@type":"ListItem","position":2,"name":"Politique de confidentialit\u00e9"}]},{"@type":"WebSite","@id":"https:\/\/laandaluzaboltana.com\/fr\/#website","url":"https:\/\/laandaluzaboltana.com\/fr\/","name":"La Andaluza","description":"Restaurantes de Bolta&ntilde;a","potentialAction":[{"@type":"SearchAction","target":{"@type":"EntryPoint","urlTemplate":"https:\/\/laandaluzaboltana.com\/fr\/?s={search_term_string}"},"query-input":{"@type":"PropertyValueSpecification","valueRequired":true,"valueName":"search_term_string"}}],"inLanguage":"fr-FR"}]}},"_links":{"self":[{"href":"https:\/\/laandaluzaboltana.com\/fr\/wp-json\/wp\/v2\/pages\/769","targetHints":{"allow":["GET"]}}],"collection":[{"href":"https:\/\/laandaluzaboltana.com\/fr\/wp-json\/wp\/v2\/pages"}],"about":[{"href":"https:\/\/laandaluzaboltana.com\/fr\/wp-json\/wp\/v2\/types\/page"}],"author":[{"embeddable":true,"href":"https:\/\/laandaluzaboltana.com\/fr\/wp-json\/wp\/v2\/users\/1"}],"replies":[{"embeddable":true,"href":"https:\/\/laandaluzaboltana.com\/fr\/wp-json\/wp\/v2\/comments?post=769"}],"version-history":[{"count":1,"href":"https:\/\/laandaluzaboltana.com\/fr\/wp-json\/wp\/v2\/pages\/769\/revisions"}],"predecessor-version":[{"id":770,"href":"https:\/\/laandaluzaboltana.com\/fr\/wp-json\/wp\/v2\/pages\/769\/revisions\/770"}],"wp:attachment":[{"href":"https:\/\/laandaluzaboltana.com\/fr\/wp-json\/wp\/v2\/media?parent=769"}],"curies":[{"name":"wp","href":"https:\/\/api.w.org\/{rel}","templated":true}]}}