{"id":767,"date":"2022-12-14T11:34:49","date_gmt":"2022-12-14T10:34:49","guid":{"rendered":"https:\/\/laandaluzaboltana.com\/mentions-legales\/"},"modified":"2024-10-23T11:02:46","modified_gmt":"2024-10-23T09:02:46","slug":"mentions-legales","status":"publish","type":"page","link":"https:\/\/laandaluzaboltana.com\/fr\/mentions-legales\/","title":{"rendered":"Mentions l\u00e9gales"},"content":{"rendered":"\t\t<div data-elementor-type=\"wp-page\" data-elementor-id=\"767\" class=\"elementor elementor-767 elementor-26\">\n\t\t\t\t\t\t<section class=\"elementor-section elementor-top-section elementor-element elementor-element-ed83719 elementor-section-height-min-height elementor-section-boxed elementor-section-height-default elementor-section-items-middle\" data-id=\"ed83719\" data-element_type=\"section\" data-settings=\"{&quot;background_background&quot;:&quot;classic&quot;}\">\n\t\t\t\t\t\t<div class=\"elementor-container elementor-column-gap-default\">\n\t\t\t\t\t<div class=\"elementor-column elementor-col-100 elementor-top-column elementor-element elementor-element-25f27d7\" data-id=\"25f27d7\" data-element_type=\"column\">\n\t\t\t<div class=\"elementor-widget-wrap elementor-element-populated\">\n\t\t\t\t\t\t<div class=\"elementor-element elementor-element-bce7f2e elementor-widget elementor-widget-breadcrumbs\" data-id=\"bce7f2e\" data-element_type=\"widget\" data-widget_type=\"breadcrumbs.default\">\n\t\t\t\t<div class=\"elementor-widget-container\">\n\t\t\t\t\t \t\t\t\t<\/div>\n\t\t\t\t<\/div>\n\t\t\t\t\t<\/div>\n\t\t<\/div>\n\t\t\t\t\t<\/div>\n\t\t<\/section>\n\t\t\t\t<section class=\"elementor-section elementor-top-section elementor-element elementor-element-815d7dd elementor-section-content-middle elementor-section-boxed elementor-section-height-default elementor-section-height-default\" data-id=\"815d7dd\" data-element_type=\"section\" data-settings=\"{&quot;background_background&quot;:&quot;classic&quot;}\">\n\t\t\t\t\t\t<div class=\"elementor-container elementor-column-gap-default\">\n\t\t\t\t\t<div class=\"elementor-column elementor-col-100 elementor-top-column elementor-element elementor-element-43fc03e\" data-id=\"43fc03e\" data-element_type=\"column\">\n\t\t\t<div class=\"elementor-widget-wrap elementor-element-populated\">\n\t\t\t\t\t\t<div class=\"elementor-element elementor-element-09d63ae elementor-widget elementor-widget-text-editor\" data-id=\"09d63ae\" data-element_type=\"widget\" data-widget_type=\"text-editor.default\">\n\t\t\t\t<div class=\"elementor-widget-container\">\n\t\t\t\t\t\t\t\t\t<h2>DROIT DES SERVICES DE LA SOCI\u00c9T\u00c9 DE L&rsquo;INFORMATION (LSSI)<\/h2>\n<p>La Andaluza, responsable du site Web, ci-apr\u00e8s RESPONSABLE, met \u00e0 la disposition des utilisateurs ce document, avec lequel elle entend respecter les obligations \u00e9nonc\u00e9es dans la loi 34\/2002 du 11 juillet sur les services de la soci\u00e9t\u00e9 d&rsquo;information et de commerce \u00e9lectronique (LSSICE). , BOE n\u00b0 166, ainsi que d&rsquo;informer tous les utilisateurs du site Internet des conditions d&rsquo;utilisation.<\/p>\n<p>Toute personne qui acc\u00e8de \u00e0 ce site Web assume le r\u00f4le d&rsquo;utilisateur, s&rsquo;engageant au strict respect et au respect des dispositions \u00e9nonc\u00e9es dans le pr\u00e9sent document, ainsi que de toute autre disposition l\u00e9gale applicable.<\/p>\n<p>La Andaluza se r\u00e9serve le droit de modifier tout type d&rsquo;informations qui pourraient appara\u00eetre sur le site Internet, sans aucune obligation de notifier ou d&rsquo;informer les utilisateurs de ces obligations, la publication sur le site Internet de La Andaluza \u00e9tant consid\u00e9r\u00e9e comme suffisante.<\/p>\n<h3>1. DONN\u00c9ES D&rsquo;IDENTIFICATION<\/h3>\n<p>Nom de domaine : laandaluzabolta\u00f1a.com<br \/>Nom commercial : La Andaluza Bolta\u00f1a<br \/>Nom de l\u2019entreprise : Eduardo Ubreva Escobar<br \/>NIF : 31686538J<br \/>Si\u00e8ge social : Av. de Ordesa 63. 22340 Bolta\u00f1a, Huesca<br \/>T\u00e9l\u00e9phone : 974 941 798<br \/>Courriel :<span class=\"elementor-icon-list-text\"><a href=\"mailto:info@laandaluzabolta%C3%B1a.com\"> info@laandaluzabolta\u00f1a.com<\/a><\/span> <\/p>\n<h3>2. DROITS DE PROPRI\u00c9T\u00c9 INTELLECTUELLE ET INDUSTRIELLE<\/h3>\n<p>Le site Internet, y compris mais sans s&rsquo;y limiter, sa programmation, son \u00e9dition, sa compilation et autres \u00e9l\u00e9ments n\u00e9cessaires \u00e0 son fonctionnement, les designs, logos, textes et\/ou graphiques, sont la propri\u00e9t\u00e9 du RESPONSABLE ou, le cas \u00e9ch\u00e9ant, il dispose d&rsquo;une licence ou. autorisation expresse des auteurs. Tous les contenus du site Web sont d\u00fbment prot\u00e9g\u00e9s par la r\u00e9glementation en mati\u00e8re de propri\u00e9t\u00e9 intellectuelle et industrielle, ainsi que enregistr\u00e9s dans les registres publics correspondants. <\/p>\n<p>Quelle que soit la finalit\u00e9 pour laquelle ils sont destin\u00e9s, la reproduction totale ou partielle, l&rsquo;utilisation, l&rsquo;exploitation, la distribution et la commercialisation n\u00e9cessitent dans tous les cas l&rsquo;autorisation \u00e9crite pr\u00e9alable du RESPONSABLE. Toute utilisation non pr\u00e9alablement autoris\u00e9e est consid\u00e9r\u00e9e comme une violation grave des droits de propri\u00e9t\u00e9 intellectuelle ou industrielle de l&rsquo;auteur. <\/p>\n<p>Les dessins, logos, textes et\/ou graphiques autres que ceux du RESPONSABLE et susceptibles d&rsquo;appara\u00eetre sur le site appartiennent \u00e0 leurs propri\u00e9taires respectifs, et ils sont eux-m\u00eames responsables de toute \u00e9ventuelle controverse qui pourrait surgir \u00e0 leur sujet. Le RESPONSABLE autorise express\u00e9ment les tiers \u00e0 rediriger directement vers le contenu sp\u00e9cifique du site Web, et en tout cas rediriger vers le site Web principal de laandaluzabolta\u00f1a.com <\/p>\n<p>Le RESPONSABLE reconna\u00eet en faveur de ses propri\u00e9taires les droits de propri\u00e9t\u00e9 intellectuelle et industrielle correspondants, sa simple mention ou apparition sur le site Internet n&rsquo;impliquant pas l&rsquo;existence d&rsquo;un quelconque droit ou responsabilit\u00e9 sur ceux-ci, ni l&rsquo;approbation, le parrainage ou la recommandation de celui-ci.<\/p>\n<p>Pour faire tout type d&rsquo;observation concernant d&rsquo;\u00e9ventuelles violations des droits de propri\u00e9t\u00e9 intellectuelle ou industrielle, ainsi que sur tout contenu du site Web, vous pouvez le faire en envoyant un courrier \u00e9lectronique \u00e0 info@laandaluzabolta\u00f1a.com.<\/p>\n<h3>3. EXENCI\u00d3N DE RESPONSABILIDADES<\/h3>\n<p>Le RESPONSABLE est exon\u00e9r\u00e9 de tout type de responsabilit\u00e9 d\u00e9riv\u00e9e des informations publi\u00e9es sur son site Web chaque fois que ces informations ont \u00e9t\u00e9 manipul\u00e9es ou introduites par un tiers qui ne lui est pas li\u00e9.<\/p>\n<h4>Utilisation des cookies<\/h4>\n<p>Ce site Web peut utiliser des cookies techniques (petits fichiers d&rsquo;informations que le serveur envoie \u00e0 l&rsquo;ordinateur de la personne acc\u00e9dant \u00e0 la page) pour r\u00e9aliser certaines fonctions consid\u00e9r\u00e9es comme essentielles au bon fonctionnement et \u00e0 l&rsquo;affichage du site. Les cookies utilis\u00e9s sont, en tout \u00e9tat de cause, de nature temporaire, dans le seul but de rendre la navigation plus efficace et disparaissent \u00e0 la fin de la session de l&rsquo;utilisateur. En aucun cas ces cookies ne fournissent \u00e0 eux seuls des donn\u00e9es personnelles et ne serviront pas \u00e0 les collecter.  <\/p>\n<p>Gr\u00e2ce \u00e0 l&rsquo;utilisation de cookies, il est \u00e9galement possible que le serveur sur lequel se trouve le site Web reconnaisse le navigateur utilis\u00e9 par l&rsquo;utilisateur afin de faciliter la navigation, en permettant, par exemple, l&rsquo;acc\u00e8s aux utilisateurs pr\u00e9alablement inscrits aux zones, services. , promotions ou concours qui leur sont r\u00e9serv\u00e9s exclusivement sans avoir \u00e0 s&rsquo;inscrire \u00e0 chaque visite. Ils peuvent \u00e9galement \u00eatre utilis\u00e9s pour mesurer l&rsquo;audience, les param\u00e8tres de trafic, contr\u00f4ler la progression et le nombre d&rsquo;entr\u00e9es, etc., dans ces cas les cookies \u00e9tant techniquement superflus mais b\u00e9n\u00e9fiques pour l&rsquo;utilisateur. Ce site Web n&rsquo;installera pas de cookies inutiles sans le consentement pr\u00e9alable de l&rsquo;utilisateur.  <\/p>\n<p>L&rsquo;utilisateur a la possibilit\u00e9 de configurer son navigateur pour \u00eatre alert\u00e9 de la r\u00e9ception de cookies et emp\u00eacher leur installation sur son ordinateur. Veuillez consulter les instructions de votre navigateur pour plus d&rsquo;informations. <\/p>\n<h4>Politique de lien<\/h4>\n<p>\u00c0 partir du site Web, vous pouvez \u00eatre redirig\u00e9 vers du contenu sur des sites Web tiers. \u00c9tant donn\u00e9 que le RESPONSABLE ne peut pas toujours contr\u00f4ler les contenus introduits par des tiers sur leurs sites Web respectifs, il n&rsquo;assume aucune responsabilit\u00e9 quant \u00e0 ces contenus. Dans ce cas, il proc\u00e9dera au retrait imm\u00e9diat de tout contenu susceptible de contrevenir \u00e0 la l\u00e9gislation nationale ou internationale, aux bonnes m\u0153urs ou \u00e0 l&rsquo;ordre public, en proc\u00e9dant au retrait imm\u00e9diat de la redirection vers ledit site Web, en portant le contenu \u00e0 la connaissance des autorit\u00e9s comp\u00e9tentes. question.  <\/p>\n<p>Le RESPONSABLE n&rsquo;est pas responsable des informations et du contenu stock\u00e9s, y compris, mais sans s&rsquo;y limiter, dans les forums, chats, g\u00e9n\u00e9rateurs de blogs, commentaires, r\u00e9seaux sociaux ou tout autre moyen permettant \u00e0 des tiers de publier du contenu de mani\u00e8re ind\u00e9pendante sur le site Internet du RESPONSABLE. Cependant, et conform\u00e9ment aux dispositions des articles 11 et 16 de la LSSICE, les utilisateurs, les autorit\u00e9s et les forces de s\u00e9curit\u00e9 sont mis \u00e0 leur disposition, collaborant activement au retrait ou, le cas \u00e9ch\u00e9ant, au blocage des contenus susceptibles d&rsquo;affecter ou de contrevenir. la l\u00e9gislation nationale ou internationale, les droits des tiers ou encore les bonnes m\u0153urs et l&rsquo;ordre public. Si l&rsquo;utilisateur estime qu&rsquo;il existe un contenu sur le site Web susceptible d&rsquo;\u00eatre soumis \u00e0 cette classification, il est pri\u00e9 d&rsquo;en informer imm\u00e9diatement l&rsquo;administrateur du site Web.  <\/p>\n<p>Ce site Web a \u00e9t\u00e9 examin\u00e9 et test\u00e9 pour fonctionner correctement. En principe, le bon fonctionnement peut \u00eatre garanti 365 jours par an, 24 heures sur 24. Cependant, le RESPONSABLE n&rsquo;exclut pas la possibilit\u00e9 que certaines erreurs de programmation se produisent, ou que des cas de force majeure, des catastrophes naturelles, des gr\u00e8ves ou des circonstances similaires puissent survenir rendant impossible l&rsquo;acc\u00e8s au site Web.  <\/p>\n<h4>Adresses IP<\/h4>\n<p>Les serveurs du site Web peuvent d\u00e9tecter automatiquement l&rsquo;adresse IP et le nom de domaine utilis\u00e9s par l&rsquo;utilisateur. Une adresse IP est un num\u00e9ro automatiquement attribu\u00e9 \u00e0 un ordinateur lorsqu&rsquo;il se connecte \u00e0 Internet. Toutes ces informations sont enregistr\u00e9es dans un fichier d&rsquo;activit\u00e9 du serveur d\u00fbment enregistr\u00e9 qui permet le traitement ult\u00e9rieur des donn\u00e9es afin d&rsquo;obtenir uniquement des mesures statistiques permettant de conna\u00eetre le nombre d&rsquo;impressions de pages, le nombre de visites effectu\u00e9es sur les serveurs Web, l&rsquo;ordre des visites. , le point d&rsquo;acc\u00e8s, etc.  <\/p>\n<h3>4. LOI APPLICABLE ET JURIDICTION<\/h3>\n<p>Pour la r\u00e9solution de tous les litiges ou probl\u00e8mes li\u00e9s \u00e0 ce site Web ou aux activit\u00e9s qui y sont r\u00e9alis\u00e9es, la l\u00e9gislation espagnole s&rsquo;appliquera, \u00e0 laquelle les parties se soumettent express\u00e9ment, \u00e9tant comp\u00e9tentes pour r\u00e9soudre les conflits survenant ou li\u00e9s \u00e0 son utilisation, les Cours et Tribunaux les plus proches de Bolta\u00f1a. .<\/p>\n\t\t\t\t\t\t\t\t<\/div>\n\t\t\t\t<\/div>\n\t\t\t\t\t<\/div>\n\t\t<\/div>\n\t\t\t\t\t<\/div>\n\t\t<\/section>\n\t\t\t\t<\/div>\n\t\t","protected":false},"excerpt":{"rendered":"<p>DROIT DES SERVICES DE LA SOCI\u00c9T\u00c9 DE L&rsquo;INFORMATION (LSSI) La Andaluza, responsable du site Web, ci-apr\u00e8s RESPONSABLE, met \u00e0 la disposition des utilisateurs ce document, avec lequel elle entend respecter les obligations \u00e9nonc\u00e9es dans la loi 34\/2002 du 11 juillet sur les services de la soci\u00e9t\u00e9 d&rsquo;information et de commerce \u00e9lectronique (LSSICE). , BOE n\u00b0 [&hellip;]<\/p>\n","protected":false},"author":1,"featured_media":0,"parent":0,"menu_order":0,"comment_status":"closed","ping_status":"closed","template":"","meta":{"site-sidebar-layout":"default","site-content-layout":"page-builder","ast-site-content-layout":"default","site-content-style":"default","site-sidebar-style":"default","ast-global-header-display":"","ast-banner-title-visibility":"","ast-main-header-display":"","ast-hfb-above-header-display":"","ast-hfb-below-header-display":"","ast-hfb-mobile-header-display":"","site-post-title":"","ast-breadcrumbs-content":"","ast-featured-img":"","footer-sml-layout":"","theme-transparent-header-meta":"default","adv-header-id-meta":"","stick-header-meta":"","header-above-stick-meta":"","header-main-stick-meta":"","header-below-stick-meta":"","astra-migrate-meta-layouts":"default","ast-page-background-enabled":"default","ast-page-background-meta":{"desktop":{"background-color":"var(--ast-global-color-4)","background-image":"","background-repeat":"repeat","background-position":"center center","background-size":"auto","background-attachment":"scroll","background-type":"","background-media":"","overlay-type":"","overlay-color":"","overlay-opacity":"","overlay-gradient":""},"tablet":{"background-color":"","background-image":"","background-repeat":"repeat","background-position":"center center","background-size":"auto","background-attachment":"scroll","background-type":"","background-media":"","overlay-type":"","overlay-color":"","overlay-opacity":"","overlay-gradient":""},"mobile":{"background-color":"","background-image":"","background-repeat":"repeat","background-position":"center center","background-size":"auto","background-attachment":"scroll","background-type":"","background-media":"","overlay-type":"","overlay-color":"","overlay-opacity":"","overlay-gradient":""}},"ast-content-background-meta":{"desktop":{"background-color":"var(--ast-global-color-5)","background-image":"","background-repeat":"repeat","background-position":"center center","background-size":"auto","background-attachment":"scroll","background-type":"","background-media":"","overlay-type":"","overlay-color":"","overlay-opacity":"","overlay-gradient":""},"tablet":{"background-color":"var(--ast-global-color-5)","background-image":"","background-repeat":"repeat","background-position":"center center","background-size":"auto","background-attachment":"scroll","background-type":"","background-media":"","overlay-type":"","overlay-color":"","overlay-opacity":"","overlay-gradient":""},"mobile":{"background-color":"var(--ast-global-color-5)","background-image":"","background-repeat":"repeat","background-position":"center center","background-size":"auto","background-attachment":"scroll","background-type":"","background-media":"","overlay-type":"","overlay-color":"","overlay-opacity":"","overlay-gradient":""}},"footnotes":""},"class_list":["post-767","page","type-page","status-publish","hentry"],"yoast_head":"<!-- This site is optimized with the Yoast SEO plugin v23.5 - https:\/\/yoast.com\/wordpress\/plugins\/seo\/ -->\n<title>Mentions l\u00e9gales - La Andaluza<\/title>\n<meta name=\"robots\" content=\"noindex, follow\" \/>\n<meta property=\"og:locale\" content=\"fr_FR\" \/>\n<meta property=\"og:type\" content=\"article\" \/>\n<meta property=\"og:title\" content=\"Mentions l\u00e9gales - La Andaluza\" \/>\n<meta property=\"og:description\" content=\"DROIT DES SERVICES DE LA SOCI\u00c9T\u00c9 DE L&rsquo;INFORMATION (LSSI) La Andaluza, responsable du site Web, ci-apr\u00e8s RESPONSABLE, met \u00e0 la disposition des utilisateurs ce document, avec lequel elle entend respecter les obligations \u00e9nonc\u00e9es dans la loi 34\/2002 du 11 juillet sur les services de la soci\u00e9t\u00e9 d&rsquo;information et de commerce \u00e9lectronique (LSSICE). , BOE n\u00b0 [&hellip;]\" \/>\n<meta property=\"og:url\" content=\"https:\/\/laandaluzaboltana.com\/fr\/mentions-legales\/\" \/>\n<meta property=\"og:site_name\" content=\"La Andaluza\" \/>\n<meta property=\"article:modified_time\" content=\"2024-10-23T09:02:46+00:00\" \/>\n<meta name=\"twitter:card\" content=\"summary_large_image\" \/>\n<meta name=\"twitter:label1\" content=\"Dur\u00e9e de lecture estim\u00e9e\" \/>\n\t<meta name=\"twitter:data1\" content=\"6 minutes\" \/>\n<script type=\"application\/ld+json\" class=\"yoast-schema-graph\">{\"@context\":\"https:\/\/schema.org\",\"@graph\":[{\"@type\":\"WebPage\",\"@id\":\"https:\/\/laandaluzaboltana.com\/fr\/mentions-legales\/\",\"url\":\"https:\/\/laandaluzaboltana.com\/fr\/mentions-legales\/\",\"name\":\"Mentions l\u00e9gales - La Andaluza\",\"isPartOf\":{\"@id\":\"https:\/\/laandaluzaboltana.com\/fr\/#website\"},\"datePublished\":\"2022-12-14T10:34:49+00:00\",\"dateModified\":\"2024-10-23T09:02:46+00:00\",\"breadcrumb\":{\"@id\":\"https:\/\/laandaluzaboltana.com\/fr\/mentions-legales\/#breadcrumb\"},\"inLanguage\":\"fr-FR\",\"potentialAction\":[{\"@type\":\"ReadAction\",\"target\":[\"https:\/\/laandaluzaboltana.com\/fr\/mentions-legales\/\"]}]},{\"@type\":\"BreadcrumbList\",\"@id\":\"https:\/\/laandaluzaboltana.com\/fr\/mentions-legales\/#breadcrumb\",\"itemListElement\":[{\"@type\":\"ListItem\",\"position\":1,\"name\":\"Inicio\",\"item\":\"https:\/\/laandaluzaboltana.com\/fr\/\"},{\"@type\":\"ListItem\",\"position\":2,\"name\":\"Mentions l\u00e9gales\"}]},{\"@type\":\"WebSite\",\"@id\":\"https:\/\/laandaluzaboltana.com\/fr\/#website\",\"url\":\"https:\/\/laandaluzaboltana.com\/fr\/\",\"name\":\"La Andaluza\",\"description\":\"Restaurantes de Bolta&ntilde;a\",\"potentialAction\":[{\"@type\":\"SearchAction\",\"target\":{\"@type\":\"EntryPoint\",\"urlTemplate\":\"https:\/\/laandaluzaboltana.com\/fr\/?s={search_term_string}\"},\"query-input\":{\"@type\":\"PropertyValueSpecification\",\"valueRequired\":true,\"valueName\":\"search_term_string\"}}],\"inLanguage\":\"fr-FR\"}]}<\/script>\n<!-- \/ Yoast SEO plugin. -->","yoast_head_json":{"title":"Mentions l\u00e9gales - La Andaluza","robots":{"index":"noindex","follow":"follow"},"og_locale":"fr_FR","og_type":"article","og_title":"Mentions l\u00e9gales - La Andaluza","og_description":"DROIT DES SERVICES DE LA SOCI\u00c9T\u00c9 DE L&rsquo;INFORMATION (LSSI) La Andaluza, responsable du site Web, ci-apr\u00e8s RESPONSABLE, met \u00e0 la disposition des utilisateurs ce document, avec lequel elle entend respecter les obligations \u00e9nonc\u00e9es dans la loi 34\/2002 du 11 juillet sur les services de la soci\u00e9t\u00e9 d&rsquo;information et de commerce \u00e9lectronique (LSSICE). , BOE n\u00b0 [&hellip;]","og_url":"https:\/\/laandaluzaboltana.com\/fr\/mentions-legales\/","og_site_name":"La Andaluza","article_modified_time":"2024-10-23T09:02:46+00:00","twitter_card":"summary_large_image","twitter_misc":{"Dur\u00e9e de lecture estim\u00e9e":"6 minutes"},"schema":{"@context":"https:\/\/schema.org","@graph":[{"@type":"WebPage","@id":"https:\/\/laandaluzaboltana.com\/fr\/mentions-legales\/","url":"https:\/\/laandaluzaboltana.com\/fr\/mentions-legales\/","name":"Mentions l\u00e9gales - La Andaluza","isPartOf":{"@id":"https:\/\/laandaluzaboltana.com\/fr\/#website"},"datePublished":"2022-12-14T10:34:49+00:00","dateModified":"2024-10-23T09:02:46+00:00","breadcrumb":{"@id":"https:\/\/laandaluzaboltana.com\/fr\/mentions-legales\/#breadcrumb"},"inLanguage":"fr-FR","potentialAction":[{"@type":"ReadAction","target":["https:\/\/laandaluzaboltana.com\/fr\/mentions-legales\/"]}]},{"@type":"BreadcrumbList","@id":"https:\/\/laandaluzaboltana.com\/fr\/mentions-legales\/#breadcrumb","itemListElement":[{"@type":"ListItem","position":1,"name":"Inicio","item":"https:\/\/laandaluzaboltana.com\/fr\/"},{"@type":"ListItem","position":2,"name":"Mentions l\u00e9gales"}]},{"@type":"WebSite","@id":"https:\/\/laandaluzaboltana.com\/fr\/#website","url":"https:\/\/laandaluzaboltana.com\/fr\/","name":"La Andaluza","description":"Restaurantes de Bolta&ntilde;a","potentialAction":[{"@type":"SearchAction","target":{"@type":"EntryPoint","urlTemplate":"https:\/\/laandaluzaboltana.com\/fr\/?s={search_term_string}"},"query-input":{"@type":"PropertyValueSpecification","valueRequired":true,"valueName":"search_term_string"}}],"inLanguage":"fr-FR"}]}},"_links":{"self":[{"href":"https:\/\/laandaluzaboltana.com\/fr\/wp-json\/wp\/v2\/pages\/767","targetHints":{"allow":["GET"]}}],"collection":[{"href":"https:\/\/laandaluzaboltana.com\/fr\/wp-json\/wp\/v2\/pages"}],"about":[{"href":"https:\/\/laandaluzaboltana.com\/fr\/wp-json\/wp\/v2\/types\/page"}],"author":[{"embeddable":true,"href":"https:\/\/laandaluzaboltana.com\/fr\/wp-json\/wp\/v2\/users\/1"}],"replies":[{"embeddable":true,"href":"https:\/\/laandaluzaboltana.com\/fr\/wp-json\/wp\/v2\/comments?post=767"}],"version-history":[{"count":1,"href":"https:\/\/laandaluzaboltana.com\/fr\/wp-json\/wp\/v2\/pages\/767\/revisions"}],"predecessor-version":[{"id":768,"href":"https:\/\/laandaluzaboltana.com\/fr\/wp-json\/wp\/v2\/pages\/767\/revisions\/768"}],"wp:attachment":[{"href":"https:\/\/laandaluzaboltana.com\/fr\/wp-json\/wp\/v2\/media?parent=767"}],"curies":[{"name":"wp","href":"https:\/\/api.w.org\/{rel}","templated":true}]}}