{"id":700,"date":"2024-09-09T12:16:42","date_gmt":"2024-09-09T10:16:42","guid":{"rendered":"https:\/\/laandaluzaboltana.com\/nous\/"},"modified":"2024-10-23T10:35:05","modified_gmt":"2024-10-23T08:35:05","slug":"nous","status":"publish","type":"page","link":"https:\/\/laandaluzaboltana.com\/fr\/nous\/","title":{"rendered":"Nous"},"content":{"rendered":"\t\t<div data-elementor-type=\"wp-page\" data-elementor-id=\"700\" class=\"elementor elementor-700 elementor-120\">\n\t\t\t\t\t\t<section class=\"elementor-section elementor-top-section elementor-element elementor-element-536515d elementor-section-height-min-height elementor-section-boxed elementor-section-height-default elementor-section-items-middle\" data-id=\"536515d\" data-element_type=\"section\" data-settings=\"{&quot;background_background&quot;:&quot;classic&quot;}\">\n\t\t\t\t\t\t\t<div class=\"elementor-background-overlay\"><\/div>\n\t\t\t\t\t\t\t<div class=\"elementor-container elementor-column-gap-default\">\n\t\t\t\t\t<div class=\"elementor-column elementor-col-100 elementor-top-column elementor-element elementor-element-5289845\" data-id=\"5289845\" data-element_type=\"column\">\n\t\t\t<div class=\"elementor-widget-wrap elementor-element-populated\">\n\t\t\t\t\t\t<div class=\"elementor-element elementor-element-45982e8 elementor-widget elementor-widget-breadcrumbs\" data-id=\"45982e8\" data-element_type=\"widget\" data-widget_type=\"breadcrumbs.default\">\n\t\t\t\t<div class=\"elementor-widget-container\">\n\t\t\t\t\t \t\t\t\t<\/div>\n\t\t\t\t<\/div>\n\t\t\t\t\t<\/div>\n\t\t<\/div>\n\t\t\t\t\t<\/div>\n\t\t<\/section>\n\t\t\t\t<section class=\"elementor-section elementor-top-section elementor-element elementor-element-29b16a5 elementor-section-content-middle elementor-section-boxed elementor-section-height-default elementor-section-height-default\" data-id=\"29b16a5\" data-element_type=\"section\" data-settings=\"{&quot;background_background&quot;:&quot;classic&quot;}\">\n\t\t\t\t\t\t<div class=\"elementor-container elementor-column-gap-default\">\n\t\t\t\t\t<div class=\"elementor-column elementor-col-50 elementor-top-column elementor-element elementor-element-609fb66\" data-id=\"609fb66\" data-element_type=\"column\">\n\t\t\t<div class=\"elementor-widget-wrap elementor-element-populated\">\n\t\t\t\t\t\t<div class=\"elementor-element elementor-element-4587334 elementor-widget elementor-widget-image\" data-id=\"4587334\" data-element_type=\"widget\" data-widget_type=\"image.default\">\n\t\t\t\t<div class=\"elementor-widget-container\">\n\t\t\t\t\t\t\t\t\t\t\t\t\t\t\t<img fetchpriority=\"high\" decoding=\"async\" width=\"600\" height=\"400\" src=\"https:\/\/laandaluzaboltana.com\/wp-content\/uploads\/2024\/09\/la-andaluza-bar-restaurante_0001_26.jpg\" class=\"attachment-large size-large wp-image-366\" alt=\"\" srcset=\"https:\/\/laandaluzaboltana.com\/wp-content\/uploads\/2024\/09\/la-andaluza-bar-restaurante_0001_26.jpg 600w, https:\/\/laandaluzaboltana.com\/wp-content\/uploads\/2024\/09\/la-andaluza-bar-restaurante_0001_26-300x200.jpg 300w\" sizes=\"(max-width: 600px) 100vw, 600px\" \/>\t\t\t\t\t\t\t\t\t\t\t\t\t\t\t<\/div>\n\t\t\t\t<\/div>\n\t\t\t\t\t<\/div>\n\t\t<\/div>\n\t\t\t\t<div class=\"elementor-column elementor-col-50 elementor-top-column elementor-element elementor-element-3e39eed\" data-id=\"3e39eed\" data-element_type=\"column\">\n\t\t\t<div class=\"elementor-widget-wrap elementor-element-populated\">\n\t\t\t\t\t\t<div class=\"elementor-element elementor-element-303d7eb elementor-widget elementor-widget-heading\" data-id=\"303d7eb\" data-element_type=\"widget\" data-widget_type=\"heading.default\">\n\t\t\t\t<div class=\"elementor-widget-container\">\n\t\t\t\t\t<h2 class=\"elementor-heading-title elementor-size-default\">Un voyage gastronomique au c\u0153ur de l'Andalousie<\/h2>\t\t\t\t<\/div>\n\t\t\t\t<\/div>\n\t\t\t\t<div class=\"elementor-element elementor-element-0bdaa26 elementor-widget elementor-widget-heading\" data-id=\"0bdaa26\" data-element_type=\"widget\" data-widget_type=\"heading.default\">\n\t\t\t\t<div class=\"elementor-widget-container\">\n\t\t\t\t\t<h2 class=\"elementor-heading-title elementor-size-default\">La tradition andalouse \u00e0 chaque bouch\u00e9e<\/h2>\t\t\t\t<\/div>\n\t\t\t\t<\/div>\n\t\t\t\t<div class=\"elementor-element elementor-element-4813eb0 elementor-widget elementor-widget-text-editor\" data-id=\"4813eb0\" data-element_type=\"widget\" data-widget_type=\"text-editor.default\">\n\t\t\t\t<div class=\"elementor-widget-container\">\n\t\t\t\t\t\t\t\t\t<p>\u00c0 <strong>La Andaluza<\/strong>, nous sommes passionn\u00e9s par la cuisine andalouse authentique. Depuis plus de deux ans, nous apportons les saveurs du sud de l&rsquo;Espagne au c\u0153ur du Sobrarbe, en alliant ingr\u00e9dients frais et recettes traditionnelles avec une touche contemporaine. Notre objectif est d&rsquo;offrir une exp\u00e9rience gastronomique unique, o\u00f9 chaque plat refl\u00e8te la richesse culturelle de l&rsquo;Andalousie. Les locaux comme les touristes trouvent dans notre restaurant un coin cosy pour savourer des saveurs authentiques, une ambiance familiale et un service convivial. Venez d\u00e9couvrir la v\u00e9ritable essence de l&rsquo;Andalousie dans chaque bouch\u00e9e !    <\/p>\n\t\t\t\t\t\t\t\t<\/div>\n\t\t\t\t<\/div>\n\t\t\t\t\t<\/div>\n\t\t<\/div>\n\t\t\t\t\t<\/div>\n\t\t<\/section>\n\t\t\t\t<section class=\"elementor-section elementor-top-section elementor-element elementor-element-ce2ff18 elementor-section-content-bottom elementor-section-boxed elementor-section-height-default elementor-section-height-default\" data-id=\"ce2ff18\" data-element_type=\"section\" data-settings=\"{&quot;background_background&quot;:&quot;classic&quot;}\">\n\t\t\t\t\t\t<div class=\"elementor-container elementor-column-gap-default\">\n\t\t\t\t\t<div class=\"elementor-column elementor-col-50 elementor-top-column elementor-element elementor-element-4d563b3\" data-id=\"4d563b3\" data-element_type=\"column\">\n\t\t\t<div class=\"elementor-widget-wrap elementor-element-populated\">\n\t\t\t\t\t\t<div class=\"elementor-element elementor-element-c4f3508 elementor-widget elementor-widget-heading\" data-id=\"c4f3508\" data-element_type=\"widget\" data-widget_type=\"heading.default\">\n\t\t\t\t<div class=\"elementor-widget-container\">\n\t\t\t\t\t<h2 class=\"elementor-heading-title elementor-size-default\">Des saveurs qui racontent des histoires<\/h2>\t\t\t\t<\/div>\n\t\t\t\t<\/div>\n\t\t\t\t<div class=\"elementor-element elementor-element-7576dff elementor-widget elementor-widget-heading\" data-id=\"7576dff\" data-element_type=\"widget\" data-widget_type=\"heading.default\">\n\t\t\t\t<div class=\"elementor-widget-container\">\n\t\t\t\t\t<h2 class=\"elementor-heading-title elementor-size-default\">Nos plats, notre passion<\/h2>\t\t\t\t<\/div>\n\t\t\t\t<\/div>\n\t\t\t\t\t<\/div>\n\t\t<\/div>\n\t\t\t\t<div class=\"elementor-column elementor-col-50 elementor-top-column elementor-element elementor-element-25718d2\" data-id=\"25718d2\" data-element_type=\"column\">\n\t\t\t<div class=\"elementor-widget-wrap elementor-element-populated\">\n\t\t\t\t\t\t<div class=\"elementor-element elementor-element-b20ee0b elementor-widget elementor-widget-text-editor\" data-id=\"b20ee0b\" data-element_type=\"widget\" data-widget_type=\"text-editor.default\">\n\t\t\t\t<div class=\"elementor-widget-container\">\n\t\t\t\t\t\t\t\t\t<p>D\u00e9couvrez l&rsquo;essence de l&rsquo;Andalousie dans chacun de nos plats. \u00c0 <strong>La Andaluza<\/strong>, chaque recette est une c\u00e9l\u00e9bration de la tradition, soigneusement pr\u00e9sent\u00e9e pour ravir vos sens. Explorez notre galerie et laissez-vous emporter par les couleurs et les textures qui font de notre cuisine une exp\u00e9rience inoubliable.   <\/p>\n\t\t\t\t\t\t\t\t<\/div>\n\t\t\t\t<\/div>\n\t\t\t\t\t<\/div>\n\t\t<\/div>\n\t\t\t\t\t<\/div>\n\t\t<\/section>\n\t\t\t\t<section class=\"elementor-section elementor-top-section elementor-element elementor-element-214aa4f elementor-section-content-bottom elementor-section-boxed elementor-section-height-default elementor-section-height-default\" data-id=\"214aa4f\" data-element_type=\"section\" data-settings=\"{&quot;background_background&quot;:&quot;classic&quot;}\">\n\t\t\t\t\t\t<div class=\"elementor-container elementor-column-gap-default\">\n\t\t\t\t\t<div class=\"elementor-column elementor-col-100 elementor-top-column elementor-element elementor-element-51d99da\" data-id=\"51d99da\" data-element_type=\"column\">\n\t\t\t<div class=\"elementor-widget-wrap elementor-element-populated\">\n\t\t\t\t\t\t<div class=\"elementor-element elementor-element-1a887da elementor-widget elementor-widget-gallery\" data-id=\"1a887da\" data-element_type=\"widget\" data-widget_type=\"gallery.default\">\n\t\t\t\t<div class=\"elementor-widget-container\">\n\t\t\t\t\t \t\t\t\t<\/div>\n\t\t\t\t<\/div>\n\t\t\t\t\t<\/div>\n\t\t<\/div>\n\t\t\t\t\t<\/div>\n\t\t<\/section>\n\t\t\t\t<section class=\"elementor-section elementor-top-section elementor-element elementor-element-0ab8e37 elementor-section-content-bottom elementor-section-boxed elementor-section-height-default elementor-section-height-default\" data-id=\"0ab8e37\" data-element_type=\"section\" data-settings=\"{&quot;background_background&quot;:&quot;classic&quot;}\">\n\t\t\t\t\t\t<div class=\"elementor-container elementor-column-gap-default\">\n\t\t\t\t\t<div class=\"elementor-column elementor-col-100 elementor-top-column elementor-element elementor-element-df871d5\" data-id=\"df871d5\" data-element_type=\"column\">\n\t\t\t<div class=\"elementor-widget-wrap elementor-element-populated\">\n\t\t\t\t\t\t<div class=\"elementor-element elementor-element-08459bb elementor-widget elementor-widget-heading\" data-id=\"08459bb\" data-element_type=\"widget\" data-widget_type=\"heading.default\">\n\t\t\t\t<div class=\"elementor-widget-container\">\n\t\t\t\t\t<h2 class=\"elementor-heading-title elementor-size-default\">Nous vous invitons \u00e0 explorer chaque section de notre menu et \u00e0 d\u00e9couvrir vos nouveaux favoris. Bon app\u00e9tit<\/h2>\t\t\t\t<\/div>\n\t\t\t\t<\/div>\n\t\t\t\t\t<\/div>\n\t\t<\/div>\n\t\t\t\t\t<\/div>\n\t\t<\/section>\n\t\t\t\t<\/div>\n\t\t","protected":false},"excerpt":{"rendered":"<p>Un voyage gastronomique au c\u0153ur de l&rsquo;Andalousie La tradition andalouse \u00e0 chaque bouch\u00e9e \u00c0 La Andaluza, nous sommes passionn\u00e9s par la cuisine andalouse authentique. Depuis plus de deux ans, nous apportons les saveurs du sud de l&rsquo;Espagne au c\u0153ur du Sobrarbe, en alliant ingr\u00e9dients frais et recettes traditionnelles avec une touche contemporaine. Notre objectif est [&hellip;]<\/p>\n","protected":false},"author":1,"featured_media":0,"parent":0,"menu_order":0,"comment_status":"closed","ping_status":"closed","template":"elementor_header_footer","meta":{"site-sidebar-layout":"no-sidebar","site-content-layout":"page-builder","ast-site-content-layout":"full-width-container","site-content-style":"default","site-sidebar-style":"default","ast-global-header-display":"","ast-banner-title-visibility":"","ast-main-header-display":"","ast-hfb-above-header-display":"","ast-hfb-below-header-display":"","ast-hfb-mobile-header-display":"","site-post-title":"disabled","ast-breadcrumbs-content":"","ast-featured-img":"disabled","footer-sml-layout":"","theme-transparent-header-meta":"default","adv-header-id-meta":"","stick-header-meta":"","header-above-stick-meta":"","header-main-stick-meta":"","header-below-stick-meta":"","astra-migrate-meta-layouts":"default","ast-page-background-enabled":"default","ast-page-background-meta":{"desktop":{"background-color":"var(--ast-global-color-4)","background-image":"","background-repeat":"repeat","background-position":"center center","background-size":"auto","background-attachment":"scroll","background-type":"","background-media":"","overlay-type":"","overlay-color":"","overlay-opacity":"","overlay-gradient":""},"tablet":{"background-color":"","background-image":"","background-repeat":"repeat","background-position":"center center","background-size":"auto","background-attachment":"scroll","background-type":"","background-media":"","overlay-type":"","overlay-color":"","overlay-opacity":"","overlay-gradient":""},"mobile":{"background-color":"","background-image":"","background-repeat":"repeat","background-position":"center center","background-size":"auto","background-attachment":"scroll","background-type":"","background-media":"","overlay-type":"","overlay-color":"","overlay-opacity":"","overlay-gradient":""}},"ast-content-background-meta":{"desktop":{"background-color":"var(--ast-global-color-5)","background-image":"","background-repeat":"repeat","background-position":"center center","background-size":"auto","background-attachment":"scroll","background-type":"","background-media":"","overlay-type":"","overlay-color":"","overlay-opacity":"","overlay-gradient":""},"tablet":{"background-color":"var(--ast-global-color-5)","background-image":"","background-repeat":"repeat","background-position":"center center","background-size":"auto","background-attachment":"scroll","background-type":"","background-media":"","overlay-type":"","overlay-color":"","overlay-opacity":"","overlay-gradient":""},"mobile":{"background-color":"var(--ast-global-color-5)","background-image":"","background-repeat":"repeat","background-position":"center center","background-size":"auto","background-attachment":"scroll","background-type":"","background-media":"","overlay-type":"","overlay-color":"","overlay-opacity":"","overlay-gradient":""}},"footnotes":""},"class_list":["post-700","page","type-page","status-publish","hentry"],"yoast_head":"<!-- This site is optimized with the Yoast SEO plugin v23.5 - https:\/\/yoast.com\/wordpress\/plugins\/seo\/ -->\n<title>Nous - La Andaluza<\/title>\n<meta name=\"robots\" content=\"index, follow, max-snippet:-1, max-image-preview:large, max-video-preview:-1\" \/>\n<link rel=\"canonical\" href=\"https:\/\/laandaluzaboltana.com\/fr\/nous\/\" \/>\n<meta property=\"og:locale\" content=\"fr_FR\" \/>\n<meta property=\"og:type\" content=\"article\" \/>\n<meta property=\"og:title\" content=\"Nous - La Andaluza\" \/>\n<meta property=\"og:description\" content=\"Un voyage gastronomique au c\u0153ur de l&rsquo;Andalousie La tradition andalouse \u00e0 chaque bouch\u00e9e \u00c0 La Andaluza, nous sommes passionn\u00e9s par la cuisine andalouse authentique. Depuis plus de deux ans, nous apportons les saveurs du sud de l&rsquo;Espagne au c\u0153ur du Sobrarbe, en alliant ingr\u00e9dients frais et recettes traditionnelles avec une touche contemporaine. Notre objectif est [&hellip;]\" \/>\n<meta property=\"og:url\" content=\"https:\/\/laandaluzaboltana.com\/fr\/nous\/\" \/>\n<meta property=\"og:site_name\" content=\"La Andaluza\" \/>\n<meta property=\"article:modified_time\" content=\"2024-10-23T08:35:05+00:00\" \/>\n<meta property=\"og:image\" content=\"https:\/\/laandaluzaboltana.com\/wp-content\/uploads\/2024\/09\/la-andaluza-bar-restaurante_0001_26.jpg\" \/>\n<meta name=\"twitter:card\" content=\"summary_large_image\" \/>\n<meta name=\"twitter:label1\" content=\"Dur\u00e9e de lecture estim\u00e9e\" \/>\n\t<meta name=\"twitter:data1\" content=\"1 minute\" \/>\n<script type=\"application\/ld+json\" class=\"yoast-schema-graph\">{\"@context\":\"https:\/\/schema.org\",\"@graph\":[{\"@type\":\"WebPage\",\"@id\":\"https:\/\/laandaluzaboltana.com\/fr\/nous\/\",\"url\":\"https:\/\/laandaluzaboltana.com\/fr\/nous\/\",\"name\":\"Nous - La Andaluza\",\"isPartOf\":{\"@id\":\"https:\/\/laandaluzaboltana.com\/fr\/#website\"},\"primaryImageOfPage\":{\"@id\":\"https:\/\/laandaluzaboltana.com\/fr\/nous\/#primaryimage\"},\"image\":{\"@id\":\"https:\/\/laandaluzaboltana.com\/fr\/nous\/#primaryimage\"},\"thumbnailUrl\":\"https:\/\/laandaluzaboltana.com\/wp-content\/uploads\/2024\/09\/la-andaluza-bar-restaurante_0001_26.jpg\",\"datePublished\":\"2024-09-09T10:16:42+00:00\",\"dateModified\":\"2024-10-23T08:35:05+00:00\",\"breadcrumb\":{\"@id\":\"https:\/\/laandaluzaboltana.com\/fr\/nous\/#breadcrumb\"},\"inLanguage\":\"fr-FR\",\"potentialAction\":[{\"@type\":\"ReadAction\",\"target\":[\"https:\/\/laandaluzaboltana.com\/fr\/nous\/\"]}]},{\"@type\":\"ImageObject\",\"inLanguage\":\"fr-FR\",\"@id\":\"https:\/\/laandaluzaboltana.com\/fr\/nous\/#primaryimage\",\"url\":\"https:\/\/laandaluzaboltana.com\/wp-content\/uploads\/2024\/09\/la-andaluza-bar-restaurante_0001_26.jpg\",\"contentUrl\":\"https:\/\/laandaluzaboltana.com\/wp-content\/uploads\/2024\/09\/la-andaluza-bar-restaurante_0001_26.jpg\"},{\"@type\":\"BreadcrumbList\",\"@id\":\"https:\/\/laandaluzaboltana.com\/fr\/nous\/#breadcrumb\",\"itemListElement\":[{\"@type\":\"ListItem\",\"position\":1,\"name\":\"Inicio\",\"item\":\"https:\/\/laandaluzaboltana.com\/fr\/\"},{\"@type\":\"ListItem\",\"position\":2,\"name\":\"Nous\"}]},{\"@type\":\"WebSite\",\"@id\":\"https:\/\/laandaluzaboltana.com\/fr\/#website\",\"url\":\"https:\/\/laandaluzaboltana.com\/fr\/\",\"name\":\"La Andaluza\",\"description\":\"Restaurantes de Bolta&ntilde;a\",\"potentialAction\":[{\"@type\":\"SearchAction\",\"target\":{\"@type\":\"EntryPoint\",\"urlTemplate\":\"https:\/\/laandaluzaboltana.com\/fr\/?s={search_term_string}\"},\"query-input\":{\"@type\":\"PropertyValueSpecification\",\"valueRequired\":true,\"valueName\":\"search_term_string\"}}],\"inLanguage\":\"fr-FR\"}]}<\/script>\n<!-- \/ Yoast SEO plugin. -->","yoast_head_json":{"title":"Nous - La Andaluza","robots":{"index":"index","follow":"follow","max-snippet":"max-snippet:-1","max-image-preview":"max-image-preview:large","max-video-preview":"max-video-preview:-1"},"canonical":"https:\/\/laandaluzaboltana.com\/fr\/nous\/","og_locale":"fr_FR","og_type":"article","og_title":"Nous - La Andaluza","og_description":"Un voyage gastronomique au c\u0153ur de l&rsquo;Andalousie La tradition andalouse \u00e0 chaque bouch\u00e9e \u00c0 La Andaluza, nous sommes passionn\u00e9s par la cuisine andalouse authentique. Depuis plus de deux ans, nous apportons les saveurs du sud de l&rsquo;Espagne au c\u0153ur du Sobrarbe, en alliant ingr\u00e9dients frais et recettes traditionnelles avec une touche contemporaine. Notre objectif est [&hellip;]","og_url":"https:\/\/laandaluzaboltana.com\/fr\/nous\/","og_site_name":"La Andaluza","article_modified_time":"2024-10-23T08:35:05+00:00","og_image":[{"url":"https:\/\/laandaluzaboltana.com\/wp-content\/uploads\/2024\/09\/la-andaluza-bar-restaurante_0001_26.jpg"}],"twitter_card":"summary_large_image","twitter_misc":{"Dur\u00e9e de lecture estim\u00e9e":"1 minute"},"schema":{"@context":"https:\/\/schema.org","@graph":[{"@type":"WebPage","@id":"https:\/\/laandaluzaboltana.com\/fr\/nous\/","url":"https:\/\/laandaluzaboltana.com\/fr\/nous\/","name":"Nous - La Andaluza","isPartOf":{"@id":"https:\/\/laandaluzaboltana.com\/fr\/#website"},"primaryImageOfPage":{"@id":"https:\/\/laandaluzaboltana.com\/fr\/nous\/#primaryimage"},"image":{"@id":"https:\/\/laandaluzaboltana.com\/fr\/nous\/#primaryimage"},"thumbnailUrl":"https:\/\/laandaluzaboltana.com\/wp-content\/uploads\/2024\/09\/la-andaluza-bar-restaurante_0001_26.jpg","datePublished":"2024-09-09T10:16:42+00:00","dateModified":"2024-10-23T08:35:05+00:00","breadcrumb":{"@id":"https:\/\/laandaluzaboltana.com\/fr\/nous\/#breadcrumb"},"inLanguage":"fr-FR","potentialAction":[{"@type":"ReadAction","target":["https:\/\/laandaluzaboltana.com\/fr\/nous\/"]}]},{"@type":"ImageObject","inLanguage":"fr-FR","@id":"https:\/\/laandaluzaboltana.com\/fr\/nous\/#primaryimage","url":"https:\/\/laandaluzaboltana.com\/wp-content\/uploads\/2024\/09\/la-andaluza-bar-restaurante_0001_26.jpg","contentUrl":"https:\/\/laandaluzaboltana.com\/wp-content\/uploads\/2024\/09\/la-andaluza-bar-restaurante_0001_26.jpg"},{"@type":"BreadcrumbList","@id":"https:\/\/laandaluzaboltana.com\/fr\/nous\/#breadcrumb","itemListElement":[{"@type":"ListItem","position":1,"name":"Inicio","item":"https:\/\/laandaluzaboltana.com\/fr\/"},{"@type":"ListItem","position":2,"name":"Nous"}]},{"@type":"WebSite","@id":"https:\/\/laandaluzaboltana.com\/fr\/#website","url":"https:\/\/laandaluzaboltana.com\/fr\/","name":"La Andaluza","description":"Restaurantes de Bolta&ntilde;a","potentialAction":[{"@type":"SearchAction","target":{"@type":"EntryPoint","urlTemplate":"https:\/\/laandaluzaboltana.com\/fr\/?s={search_term_string}"},"query-input":{"@type":"PropertyValueSpecification","valueRequired":true,"valueName":"search_term_string"}}],"inLanguage":"fr-FR"}]}},"_links":{"self":[{"href":"https:\/\/laandaluzaboltana.com\/fr\/wp-json\/wp\/v2\/pages\/700","targetHints":{"allow":["GET"]}}],"collection":[{"href":"https:\/\/laandaluzaboltana.com\/fr\/wp-json\/wp\/v2\/pages"}],"about":[{"href":"https:\/\/laandaluzaboltana.com\/fr\/wp-json\/wp\/v2\/types\/page"}],"author":[{"embeddable":true,"href":"https:\/\/laandaluzaboltana.com\/fr\/wp-json\/wp\/v2\/users\/1"}],"replies":[{"embeddable":true,"href":"https:\/\/laandaluzaboltana.com\/fr\/wp-json\/wp\/v2\/comments?post=700"}],"version-history":[{"count":1,"href":"https:\/\/laandaluzaboltana.com\/fr\/wp-json\/wp\/v2\/pages\/700\/revisions"}],"predecessor-version":[{"id":702,"href":"https:\/\/laandaluzaboltana.com\/fr\/wp-json\/wp\/v2\/pages\/700\/revisions\/702"}],"wp:attachment":[{"href":"https:\/\/laandaluzaboltana.com\/fr\/wp-json\/wp\/v2\/media?parent=700"}],"curies":[{"name":"wp","href":"https:\/\/api.w.org\/{rel}","templated":true}]}}